{"id":4,"date":"2012-10-12T13:13:17","date_gmt":"2012-10-12T13:13:17","guid":{"rendered":"http:\/\/anti-frauda.okazii.ro\/?page_id=4"},"modified":"2016-08-04T14:37:44","modified_gmt":"2016-08-04T14:37:44","slug":"homepage","status":"publish","type":"page","link":"https:\/\/blog.okazii.ro\/anti-frauda\/","title":{"rendered":"Centrul Antifrauda"},"content":{"rendered":"<div class=\"linfo\">\n<h1>Centrul Antifrauda<\/h1>\n<p>Pentru a mentine un numar cat mai redus de fraude in cadrul sitemului Okazii.ro ofera utilizatorilor Centrul de prevenire a fraudelor.<\/p>\n<p>&nbsp;<\/p>\n<p>Centrul de prevenire a fraudelor Okazii.ro iti ofera informatiile necesare astfel incat sa poti realiza tranzactiile in siguranta.<\/p>\n<\/div>\n<div class=\"rinfo\"><iframe loading=\"lazy\" src=\"\/\/www.youtube.com\/embed\/9c-OV0ahp7U\" frameborder=\"0\" width=\"610\" height=\"345\"><\/iframe><\/div>\n<div class=\"r-separator\"><\/div>\n<div class=\"advantages-target\"><span class=\"title\">Esti informat, esti protejat.<\/span>Asigura-te ca stii toate criteriile dupa care sa alegi un vanzator sigur pe Okazii.ro!<\/p>\n<ul>\n<li class=\"calificative\"><a title=\"Calificativele\" href=\"http:\/\/www.okazii.ro\/anti-frauda\/teapa-okazii\/#t-calificative\"><img decoding=\"async\" src=\"\/\/www.okazii.ro\/anti-frauda\/wp-content\/uploads\/2012\/10\/antifrauda-calificative.png\" alt=\"\" \/><span>Calificativele<\/span><\/a><\/li>\n<li class=\"vanzatori\"><a title=\"Vanzatori premium\" href=\"http:\/\/www.okazii.ro\/anti-frauda\/teapa-okazii\/#t-vanzatoripremium\"><img decoding=\"async\" src=\"\/\/www.okazii.ro\/anti-frauda\/wp-content\/uploads\/2012\/10\/antifrauda-vanzatori.png\" alt=\"\" \/><span>Vanzatori premium<\/span><\/a><\/li>\n<li class=\"gdl\"><a title=\"Garantia de livrare\" href=\"http:\/\/www.okazii.ro\/anti-frauda\/teapa-okazii\/#t-garantiadelivrare\"><img decoding=\"async\" src=\"\/\/www.okazii.ro\/anti-frauda\/wp-content\/uploads\/2012\/10\/antifrauda-gdl.png\" alt=\"\" \/><span>Garantia de livrare<\/span><\/a><\/li>\n<\/ul>\n<\/div>\n<div class=\"r-separator\" style=\"margin-top: 20px;\"><\/div>\n<ul class=\"customwidget\">\n<li class=\"w1\">\n<h2>V\u00e2nz\u0103tori de \u00eencredere<\/h2>\n<p>Sistemul de feedback oferit de catre Okazii.ro te va ajuta sa recunosti vanzatorii de incredere astfel incat sa beneficiezi intotdeauna de cele mai bune servicii<\/p>\n<h3>Cine sunt<\/h3>\n<p><a href=\"http:\/\/www.okazii.ro\/anti-frauda\/category\/vanzatori-de-incredere\/cine-sunt\/\">4 articole<\/a><\/p>\n<h3>Cum ii gasesti?<\/h3>\n<p><a href=\"http:\/\/www.okazii.ro\/anti-frauda\/category\/vanzatori-de-incredere\/cum-ii-gasesti\/\">5 articole<\/a><\/li>\n<li class=\"w2\">\n<h2>Prevenirea fraudelor<\/h2>\n<p>Respectand cateva reguli de baza poti cumpara online in siguranta. Okazii iti ofera toate informatiile necesare pentru ca tu sa nu ai griji<\/p>\n<h3>Cum sa te feresti de fraude<\/h3>\n<p><a href=\"http:\/\/www.okazii.ro\/anti-frauda\/category\/prevenirea-fraudelor\/cum-te-feresti-de-fraude\/\">8 articole<\/a><\/p>\n<h3>Tipuri de frauda<\/h3>\n<p><a href=\"http:\/\/www.okazii.ro\/anti-frauda\/category\/prevenirea-fraudelor\/tipuri-de-frauda\/\">6 articole<\/a><\/p>\n<h3>Cum te proteajeaza Okazii<\/h3>\n<p><a href=\"http:\/\/www.okazii.ro\/anti-frauda\/category\/prevenirea-fraudelor\/cum-protejeaza-okazii\/\">7 articole<\/a><\/li>\n<li class=\"w3\">\n<h2>Reclamatii si solutionari<\/h2>\n<p>Daca o tranzactie nu se desfoasoara asa cum te asteptai te vom ajuta sa rezolvi problema. Prin intermediul Resolution Center poti reclama o frauda iar noi vom analiza cazul si com oferi o solutie<\/p>\n<h3>Ce faci daca esti victima unei fraude?<\/h3>\n<p><a href=\"http:\/\/www.okazii.ro\/anti-frauda\/category\/reclamatii-solutionari\/ce-faci-daca-esti-victima-unei-fraude\/\">6 articole<\/a><\/p>\n<h3>Documentatie pentru autoritatile competente<\/h3>\n<p><a href=\"http:\/\/www.okazii.ro\/anti-frauda\/category\/reclamatii-solutionari\/documente-autoritati\/\">3 articole<\/a><\/li>\n<\/ul>\n<div class=\"frauda\">\n<div class=\"innerf\"><span>Raporteaz\u0103-ne o fraud\u0103!<br \/>\n<\/span><span class=\"stext\">Orice tentativa de \u201cteapa\u201d si frauda pe Okazii.ro este combatuta prin masuri directe.<\/span><a title=\"Raporteaza o frauda\" href=\"http:\/\/www.okazii.ro\/comunitati\/clienti\">Raporteaza o frauda<\/a><\/div>\n<\/div>\n","protected":false},"excerpt":{"rendered":"<p>Centrul Antifrauda Pentru a mentine un numar cat mai redus de fraude in cadrul sitemului Okazii.ro ofera utilizatorilor Centrul de prevenire a fraudelor. &nbsp; Centrul de prevenire a fraudelor Okazii.ro iti ofera informatiile necesare astfel incat sa poti realiza tranzactiile in siguranta. Esti informat, esti protejat.Asigura-te ca stii toate criteriile dupa care sa alegi un [&hellip;]<\/p>\n","protected":false},"author":1,"featured_media":0,"parent":0,"menu_order":0,"comment_status":"closed","ping_status":"closed","template":"","meta":{"footnotes":""},"_links":{"self":[{"href":"https:\/\/blog.okazii.ro\/anti-frauda\/wp-json\/wp\/v2\/pages\/4"}],"collection":[{"href":"https:\/\/blog.okazii.ro\/anti-frauda\/wp-json\/wp\/v2\/pages"}],"about":[{"href":"https:\/\/blog.okazii.ro\/anti-frauda\/wp-json\/wp\/v2\/types\/page"}],"author":[{"embeddable":true,"href":"https:\/\/blog.okazii.ro\/anti-frauda\/wp-json\/wp\/v2\/users\/1"}],"replies":[{"embeddable":true,"href":"https:\/\/blog.okazii.ro\/anti-frauda\/wp-json\/wp\/v2\/comments?post=4"}],"version-history":[{"count":188,"href":"https:\/\/blog.okazii.ro\/anti-frauda\/wp-json\/wp\/v2\/pages\/4\/revisions"}],"predecessor-version":[{"id":568,"href":"https:\/\/blog.okazii.ro\/anti-frauda\/wp-json\/wp\/v2\/pages\/4\/revisions\/568"}],"wp:attachment":[{"href":"https:\/\/blog.okazii.ro\/anti-frauda\/wp-json\/wp\/v2\/media?parent=4"}],"curies":[{"name":"wp","href":"https:\/\/api.w.org\/{rel}","templated":true}]}}